{"id":198,"date":"2021-06-28T06:39:48","date_gmt":"2021-06-28T03:39:48","guid":{"rendered":"https:\/\/vana.bernal.ee\/?page_id=198"},"modified":"2025-06-11T13:24:47","modified_gmt":"2025-06-11T10:24:47","slug":"galerii","status":"publish","type":"page","link":"https:\/\/vana.bernal.ee\/?page_id=198","title":{"rendered":"Galerii"},"content":{"rendered":"\n[et_pb_section fb_built=&#8221;1&#8243; _builder_version=&#8221;4.16&#8243; _module_preset=&#8221;default&#8221; custom_margin=&#8221;||-65px|||&#8221; global_colors_info=&#8221;{}&#8221;][et_pb_row column_structure=&#8221;1_3,1_3,1_3&#8243; _builder_version=&#8221;4.16&#8243; _module_preset=&#8221;default&#8221; custom_padding=&#8221;||0px|||&#8221; global_colors_info=&#8221;{}&#8221;][et_pb_column type=&#8221;1_3&#8243; admin_label=&#8221;Aiad&#8221; _builder_version=&#8221;4.16&#8243; _module_preset=&#8221;default&#8221; global_colors_info=&#8221;{}&#8221;][et_pb_text _builder_version=&#8221;4.16&#8243; _module_preset=&#8221;default&#8221; custom_margin=&#8221;||-10px|||&#8221; global_colors_info=&#8221;{}&#8221;]<p><strong>TREPID<\/strong><\/p>[\/et_pb_text][\/et_pb_column][et_pb_column type=&#8221;1_3&#8243; _builder_version=&#8221;4.16&#8243; _module_preset=&#8221;default&#8221; global_colors_info=&#8221;{}&#8221;][et_pb_text _builder_version=&#8221;4.16&#8243; _module_preset=&#8221;default&#8221; custom_margin=&#8221;||-10px|||&#8221; global_colors_info=&#8221;{}&#8221;]<p><strong>V\u00c4RAVAD<\/strong><\/p>[\/et_pb_text][\/et_pb_column][et_pb_column type=&#8221;1_3&#8243; _builder_version=&#8221;4.16&#8243; _module_preset=&#8221;default&#8221; global_colors_info=&#8221;{}&#8221;][et_pb_text _builder_version=&#8221;4.16&#8243; _module_preset=&#8221;default&#8221; custom_margin=&#8221;||-10px|||&#8221; global_colors_info=&#8221;{}&#8221;]<p><strong>PIIRDED<\/strong><\/p>[\/et_pb_text][\/et_pb_column][\/et_pb_row][et_pb_row column_structure=&#8221;1_3,1_3,1_3&#8243; _builder_version=&#8221;4.16&#8243; _module_preset=&#8221;default&#8221; min_height=&#8221;433.6px&#8221; custom_margin=&#8221;|auto|-57px|auto||&#8221; global_colors_info=&#8221;{}&#8221;][et_pb_column type=&#8221;1_3&#8243; admin_label=&#8221;Aiad&#8221; _builder_version=&#8221;4.16&#8243; _module_preset=&#8221;default&#8221; global_colors_info=&#8221;{}&#8221;][et_pb_gallery gallery_ids=&#8221;301,302,303,300,299,298,246,247,248,249,250&#8243; posts_number=&#8221;1&#8243; _builder_version=&#8221;4.16&#8243; _module_preset=&#8221;default&#8221; text_orientation=&#8221;left&#8221; global_colors_info=&#8221;{}&#8221;][\/et_pb_gallery][\/et_pb_column][et_pb_column type=&#8221;1_3&#8243; _builder_version=&#8221;4.16&#8243; _module_preset=&#8221;default&#8221; global_colors_info=&#8221;{}&#8221;][et_pb_gallery gallery_ids=&#8221;365,364,363,362,356,338,337,336,339,340,317,318,320,319,311,312,257,258,259,260&#8243; posts_number=&#8221;1&#8243; _builder_version=&#8221;4.21.0&#8243; _module_preset=&#8221;default&#8221; hover_enabled=&#8221;0&#8243; global_colors_info=&#8221;{}&#8221; sticky_enabled=&#8221;0&#8243;][\/et_pb_gallery][\/et_pb_column][et_pb_column type=&#8221;1_3&#8243; _builder_version=&#8221;4.16&#8243; _module_preset=&#8221;default&#8221; global_colors_info=&#8221;{}&#8221;][et_pb_gallery gallery_ids=&#8221;347,348,349,345,346,344,323,322,324,321,227,228,229,230,231,232,233,234,235,236,237&#8243; posts_number=&#8221;1&#8243; _builder_version=&#8221;4.20.2&#8243; _module_preset=&#8221;default&#8221; global_colors_info=&#8221;{}&#8221;][\/et_pb_gallery][\/et_pb_column][\/et_pb_row][\/et_pb_section][et_pb_section fb_built=&#8221;1&#8243; _builder_version=&#8221;4.16&#8243; _module_preset=&#8221;default&#8221; global_colors_info=&#8221;{}&#8221;][et_pb_row column_structure=&#8221;1_3,1_3,1_3&#8243; _builder_version=&#8221;4.16&#8243; _module_preset=&#8221;default&#8221; custom_padding=&#8221;||0px|||&#8221; global_colors_info=&#8221;{}&#8221;][et_pb_column type=&#8221;1_3&#8243; admin_label=&#8221;Aiad&#8221; _builder_version=&#8221;4.16&#8243; _module_preset=&#8221;default&#8221; global_colors_info=&#8221;{}&#8221;][et_pb_text _builder_version=&#8221;4.16&#8243; _module_preset=&#8221;default&#8221; custom_margin=&#8221;||-10px|||&#8221; global_colors_info=&#8221;{}&#8221;]<p><strong>METALLKONSTRUKTSIOONID<\/strong><\/p>[\/et_pb_text][\/et_pb_column][et_pb_column type=&#8221;1_3&#8243; _builder_version=&#8221;4.16&#8243; _module_preset=&#8221;default&#8221; global_colors_info=&#8221;{}&#8221;][et_pb_text _builder_version=&#8221;4.16&#8243; _module_preset=&#8221;default&#8221; custom_margin=&#8221;||-10px|||&#8221; global_colors_info=&#8221;{}&#8221;]<p><strong>T\u00d6\u00d6STUSLIK MET.KONSTR.<\/strong><\/p>[\/et_pb_text][\/et_pb_column][et_pb_column type=&#8221;1_3&#8243; _builder_version=&#8221;4.16&#8243; _module_preset=&#8221;default&#8221; global_colors_info=&#8221;{}&#8221;][et_pb_text _builder_version=&#8221;4.16&#8243; _module_preset=&#8221;default&#8221; custom_margin=&#8221;||-10px|||&#8221; global_colors_info=&#8221;{}&#8221;]<p><strong>.<\/strong><\/p>[\/et_pb_text][\/et_pb_column][\/et_pb_row][et_pb_row column_structure=&#8221;1_3,1_3,1_3&#8243; _builder_version=&#8221;4.16&#8243; _module_preset=&#8221;default&#8221; global_colors_info=&#8221;{}&#8221;][et_pb_column type=&#8221;1_3&#8243; admin_label=&#8221;Aiad&#8221; _builder_version=&#8221;4.16&#8243; _module_preset=&#8221;default&#8221; global_colors_info=&#8221;{}&#8221;][et_pb_gallery gallery_ids=&#8221;369,367,368,354,355,330,329,328,297,296,295,286,287,288,289,223,224,225,226&#8243; posts_number=&#8221;1&#8243; _builder_version=&#8221;4.21.0&#8243; _module_preset=&#8221;default&#8221; text_orientation=&#8221;left&#8221; hover_enabled=&#8221;0&#8243; global_colors_info=&#8221;{}&#8221; sticky_enabled=&#8221;0&#8243;][\/et_pb_gallery][\/et_pb_column][et_pb_column type=&#8221;1_3&#8243; _builder_version=&#8221;4.16&#8243; _module_preset=&#8221;default&#8221; global_colors_info=&#8221;{}&#8221;][et_pb_gallery gallery_ids=&#8221;241,242,243,240,239&#8243; posts_number=&#8221;1&#8243; _builder_version=&#8221;4.16&#8243; _module_preset=&#8221;default&#8221; global_colors_info=&#8221;{}&#8221;][\/et_pb_gallery][\/et_pb_column][et_pb_column type=&#8221;1_3&#8243; _builder_version=&#8221;4.16&#8243; _module_preset=&#8221;default&#8221; global_colors_info=&#8221;{}&#8221;][\/et_pb_column][\/et_pb_row][\/et_pb_section]\n","protected":false},"excerpt":{"rendered":"<p>TREPIDV\u00c4RAVADPIIRDEDMETALLKONSTRUKTSIOONIDT\u00d6\u00d6STUSLIK MET.KONSTR..<\/p>\n","protected":false},"author":2,"featured_media":0,"parent":0,"menu_order":0,"comment_status":"closed","ping_status":"closed","template":"","meta":{"_et_pb_use_builder":"on","_et_pb_old_content":"","_et_gb_content_width":"","footnotes":""},"class_list":["post-198","page","type-page","status-publish","hentry"],"yoast_head":"<!-- This site is optimized with the Yoast SEO plugin v27.2 - https:\/\/yoast.com\/product\/yoast-seo-wordpress\/ -->\n<title>Tehtud T\u00f6\u00f6d ja Paigaldused - Galerii | Bernal Eesti O\u00dc<\/title>\n<meta name=\"description\" content=\"Vaata Bernal Eesti O\u00dc teostatud metalltoodete, v\u00e4ravate, treppide ja King Gates automaatika paigaldiste galeriid. Kvaliteetne t\u00f6\u00f6 alates 2010. aastast.\" \/>\n<meta name=\"robots\" content=\"noindex, follow, max-snippet:-1, max-image-preview:large, max-video-preview:-1\" \/>\n<meta property=\"og:locale\" content=\"en_US\" \/>\n<meta property=\"og:type\" content=\"article\" \/>\n<meta property=\"og:title\" content=\"Tehtud T\u00f6\u00f6d ja Paigaldused - Galerii | Bernal Eesti O\u00dc\" \/>\n<meta property=\"og:description\" content=\"Vaata Bernal Eesti O\u00dc teostatud metalltoodete, v\u00e4ravate, treppide ja King Gates automaatika paigaldiste galeriid. Kvaliteetne t\u00f6\u00f6 alates 2010. aastast.\" \/>\n<meta property=\"og:url\" content=\"https:\/\/vana.bernal.ee\/?page_id=198\" \/>\n<meta property=\"og:site_name\" content=\"BERNAL EESTI\" \/>\n<meta property=\"article:modified_time\" content=\"2025-06-11T10:24:47+00:00\" \/>\n<meta name=\"twitter:card\" content=\"summary_large_image\" \/>\n<meta name=\"twitter:label1\" content=\"Est. reading time\" \/>\n\t<meta name=\"twitter:data1\" content=\"16 minutes\" \/>\n<script type=\"application\/ld+json\" class=\"yoast-schema-graph\">{\"@context\":\"https:\/\/schema.org\",\"@graph\":[{\"@type\":\"WebPage\",\"@id\":\"https:\/\/vana.bernal.ee\/?page_id=198\",\"url\":\"https:\/\/vana.bernal.ee\/?page_id=198\",\"name\":\"Tehtud T\u00f6\u00f6d ja Paigaldused - Galerii | Bernal Eesti O\u00dc\",\"isPartOf\":{\"@id\":\"https:\/\/vana.bernal.ee\/#website\"},\"datePublished\":\"2021-06-28T03:39:48+00:00\",\"dateModified\":\"2025-06-11T10:24:47+00:00\",\"description\":\"Vaata Bernal Eesti O\u00dc teostatud metalltoodete, v\u00e4ravate, treppide ja King Gates automaatika paigaldiste galeriid. Kvaliteetne t\u00f6\u00f6 alates 2010. aastast.\",\"breadcrumb\":{\"@id\":\"https:\/\/vana.bernal.ee\/?page_id=198#breadcrumb\"},\"inLanguage\":\"en\",\"potentialAction\":[{\"@type\":\"ReadAction\",\"target\":[\"https:\/\/vana.bernal.ee\/?page_id=198\"]}]},{\"@type\":\"BreadcrumbList\",\"@id\":\"https:\/\/vana.bernal.ee\/?page_id=198#breadcrumb\",\"itemListElement\":[{\"@type\":\"ListItem\",\"position\":1,\"name\":\"Home\",\"item\":\"https:\/\/vana.bernal.ee\/\"},{\"@type\":\"ListItem\",\"position\":2,\"name\":\"Galerii\"}]},{\"@type\":\"WebSite\",\"@id\":\"https:\/\/vana.bernal.ee\/#website\",\"url\":\"https:\/\/vana.bernal.ee\/\",\"name\":\"BERNAL EESTI\",\"description\":\"Metallit&ouml;&ouml;d\",\"publisher\":{\"@id\":\"https:\/\/vana.bernal.ee\/#organization\"},\"potentialAction\":[{\"@type\":\"SearchAction\",\"target\":{\"@type\":\"EntryPoint\",\"urlTemplate\":\"https:\/\/vana.bernal.ee\/?s={search_term_string}\"},\"query-input\":{\"@type\":\"PropertyValueSpecification\",\"valueRequired\":true,\"valueName\":\"search_term_string\"}}],\"inLanguage\":\"en\"},{\"@type\":\"Organization\",\"@id\":\"https:\/\/vana.bernal.ee\/#organization\",\"name\":\"BERNAL EESTI\",\"url\":\"https:\/\/vana.bernal.ee\/\",\"logo\":{\"@type\":\"ImageObject\",\"inLanguage\":\"en\",\"@id\":\"https:\/\/vana.bernal.ee\/#\/schema\/logo\/image\/\",\"url\":\"https:\/\/vana.bernal.ee\/wp-content\/uploads\/2021\/04\/Bernal_logo_02.png\",\"contentUrl\":\"https:\/\/vana.bernal.ee\/wp-content\/uploads\/2021\/04\/Bernal_logo_02.png\",\"width\":1360,\"height\":400,\"caption\":\"BERNAL EESTI\"},\"image\":{\"@id\":\"https:\/\/vana.bernal.ee\/#\/schema\/logo\/image\/\"}}]}<\/script>\n<!-- \/ Yoast SEO plugin. -->","yoast_head_json":{"title":"Tehtud T\u00f6\u00f6d ja Paigaldused - Galerii | Bernal Eesti O\u00dc","description":"Vaata Bernal Eesti O\u00dc teostatud metalltoodete, v\u00e4ravate, treppide ja King Gates automaatika paigaldiste galeriid. Kvaliteetne t\u00f6\u00f6 alates 2010. aastast.","robots":{"index":"noindex","follow":"follow","max-snippet":"max-snippet:-1","max-image-preview":"max-image-preview:large","max-video-preview":"max-video-preview:-1"},"og_locale":"en_US","og_type":"article","og_title":"Tehtud T\u00f6\u00f6d ja Paigaldused - Galerii | Bernal Eesti O\u00dc","og_description":"Vaata Bernal Eesti O\u00dc teostatud metalltoodete, v\u00e4ravate, treppide ja King Gates automaatika paigaldiste galeriid. Kvaliteetne t\u00f6\u00f6 alates 2010. aastast.","og_url":"https:\/\/vana.bernal.ee\/?page_id=198","og_site_name":"BERNAL EESTI","article_modified_time":"2025-06-11T10:24:47+00:00","twitter_card":"summary_large_image","twitter_misc":{"Est. reading time":"16 minutes"},"schema":{"@context":"https:\/\/schema.org","@graph":[{"@type":"WebPage","@id":"https:\/\/vana.bernal.ee\/?page_id=198","url":"https:\/\/vana.bernal.ee\/?page_id=198","name":"Tehtud T\u00f6\u00f6d ja Paigaldused - Galerii | Bernal Eesti O\u00dc","isPartOf":{"@id":"https:\/\/vana.bernal.ee\/#website"},"datePublished":"2021-06-28T03:39:48+00:00","dateModified":"2025-06-11T10:24:47+00:00","description":"Vaata Bernal Eesti O\u00dc teostatud metalltoodete, v\u00e4ravate, treppide ja King Gates automaatika paigaldiste galeriid. Kvaliteetne t\u00f6\u00f6 alates 2010. aastast.","breadcrumb":{"@id":"https:\/\/vana.bernal.ee\/?page_id=198#breadcrumb"},"inLanguage":"en","potentialAction":[{"@type":"ReadAction","target":["https:\/\/vana.bernal.ee\/?page_id=198"]}]},{"@type":"BreadcrumbList","@id":"https:\/\/vana.bernal.ee\/?page_id=198#breadcrumb","itemListElement":[{"@type":"ListItem","position":1,"name":"Home","item":"https:\/\/vana.bernal.ee\/"},{"@type":"ListItem","position":2,"name":"Galerii"}]},{"@type":"WebSite","@id":"https:\/\/vana.bernal.ee\/#website","url":"https:\/\/vana.bernal.ee\/","name":"BERNAL EESTI","description":"Metallit&ouml;&ouml;d","publisher":{"@id":"https:\/\/vana.bernal.ee\/#organization"},"potentialAction":[{"@type":"SearchAction","target":{"@type":"EntryPoint","urlTemplate":"https:\/\/vana.bernal.ee\/?s={search_term_string}"},"query-input":{"@type":"PropertyValueSpecification","valueRequired":true,"valueName":"search_term_string"}}],"inLanguage":"en"},{"@type":"Organization","@id":"https:\/\/vana.bernal.ee\/#organization","name":"BERNAL EESTI","url":"https:\/\/vana.bernal.ee\/","logo":{"@type":"ImageObject","inLanguage":"en","@id":"https:\/\/vana.bernal.ee\/#\/schema\/logo\/image\/","url":"https:\/\/vana.bernal.ee\/wp-content\/uploads\/2021\/04\/Bernal_logo_02.png","contentUrl":"https:\/\/vana.bernal.ee\/wp-content\/uploads\/2021\/04\/Bernal_logo_02.png","width":1360,"height":400,"caption":"BERNAL EESTI"},"image":{"@id":"https:\/\/vana.bernal.ee\/#\/schema\/logo\/image\/"}}]}},"_links":{"self":[{"href":"https:\/\/vana.bernal.ee\/index.php?rest_route=\/wp\/v2\/pages\/198","targetHints":{"allow":["GET"]}}],"collection":[{"href":"https:\/\/vana.bernal.ee\/index.php?rest_route=\/wp\/v2\/pages"}],"about":[{"href":"https:\/\/vana.bernal.ee\/index.php?rest_route=\/wp\/v2\/types\/page"}],"author":[{"embeddable":true,"href":"https:\/\/vana.bernal.ee\/index.php?rest_route=\/wp\/v2\/users\/2"}],"replies":[{"embeddable":true,"href":"https:\/\/vana.bernal.ee\/index.php?rest_route=%2Fwp%2Fv2%2Fcomments&post=198"}],"version-history":[{"count":33,"href":"https:\/\/vana.bernal.ee\/index.php?rest_route=\/wp\/v2\/pages\/198\/revisions"}],"predecessor-version":[{"id":430,"href":"https:\/\/vana.bernal.ee\/index.php?rest_route=\/wp\/v2\/pages\/198\/revisions\/430"}],"wp:attachment":[{"href":"https:\/\/vana.bernal.ee\/index.php?rest_route=%2Fwp%2Fv2%2Fmedia&parent=198"}],"curies":[{"name":"wp","href":"https:\/\/api.w.org\/{rel}","templated":true}]}}