{"id":62,"date":"2021-04-14T12:41:27","date_gmt":"2021-04-14T09:41:27","guid":{"rendered":"https:\/\/vana.bernal.ee\/?page_id=62"},"modified":"2025-06-11T13:23:09","modified_gmt":"2025-06-11T10:23:09","slug":"firmast","status":"publish","type":"page","link":"https:\/\/vana.bernal.ee\/?page_id=62","title":{"rendered":"Firmast"},"content":{"rendered":"\n[et_pb_section fb_built=&#8221;1&#8243; _builder_version=&#8221;4.9.4&#8243; _module_preset=&#8221;default&#8221; custom_padding=&#8221;31px|||||&#8221;][et_pb_row column_structure=&#8221;2_5,3_5&#8243; _builder_version=&#8221;4.9.4&#8243; _module_preset=&#8221;default&#8221; min_height=&#8221;530px&#8221;][et_pb_column type=&#8221;2_5&#8243; _builder_version=&#8221;4.9.4&#8243; _module_preset=&#8221;default&#8221;][et_pb_image src=&#8221;https:\/\/vana.bernal.ee\/wp-content\/uploads\/2021\/05\/0110-scaled-e1621225171858.jpg&#8221; title_text=&#8221;0110&#8243; _builder_version=&#8221;4.9.4&#8243; _module_preset=&#8221;default&#8221;][\/et_pb_image][\/et_pb_column][et_pb_column type=&#8221;3_5&#8243; _builder_version=&#8221;4.9.4&#8243; _module_preset=&#8221;default&#8221;][et_pb_text _builder_version=&#8221;4.9.4&#8243; _module_preset=&#8221;default&#8221; hover_enabled=&#8221;0&#8243; sticky_enabled=&#8221;0&#8243;]<p><strong>Bernal Eesti O\u00dc<\/strong> on asutatud 2010. aastal. Ettev\u00f5tte p\u00f5hitegevuseks on k\u00f5ikv\u00f5imalike metallkonstruktsioonide ja metalltoodete tootmine ja paigaldamine. Meie klientideks on nii Eesti kui ka v\u00e4lismaised ettev\u00f5tted ja eraisikud.<\/p>\n<p>Meie tooteportfell koosneb nii eritellimustest kui ka valmis montaa\u017eitoodetest. Vajadusel teostame projekteerimist\u00f6\u00f6d, koostame \u00fcld- ja t\u00f6\u00f6joonised ning 3D visualisatsiooni. Kliendi soovil t\u00f6\u00f6tleme valmistooted korrosioonivastase kaitsekattega nagu kuum tsink v\u00f5i v\u00e4rvime vedela v\u00f5i pulberv\u00e4rviga.<\/p>\n<p>11 t\u00f6\u00f6aasta jooksul oleme omandanud oma t\u00f6\u00f6s hindamatu kogemuse, mis v\u00f5imaldab tagada klientidele toodetud t\u00f6\u00f6 k\u00f5rge kvaliteedi, j\u00e4\u00e4des kokkulepitud eelarvesse ning j\u00e4rgides k\u00f5iki tehnilisi standardeid.<\/p>\n<p><strong>Hindame k\u00f5rgelt: <\/strong><\/p>\n<ul>\n<li>Pikaajalisi ja eelk\u00f5ige usaldusv\u00e4\u00e4rseid partnerlussuhteid oma klientidega<\/li>\n<li>V\u00f5imalust pakkuda oma teenuseid nii v\u00e4ikestele kui ka suurtele klientidele<\/li>\n<li>Tagasisidet meie klientidelt ja nende rahulolu meie tehtud t\u00f6\u00f6ga<\/li>\n<\/ul>\n<p><strong>Pakume: <\/strong><\/p>\n<ul>\n<li>Hoolikat ja kiiret teenindust k\u00f5igile oma klientidele, olenemata tellimuse suurusest<\/li>\n<li>Teenuste ja tootmise k\u00f5rge kvaliteeti<\/li>\n<li>Tootmist ja paigaldust oma ala professionaalide poolt<\/li>\n<\/ul>[\/et_pb_text][\/et_pb_column][\/et_pb_row][\/et_pb_section]\n","protected":false},"excerpt":{"rendered":"<p>Bernal Eesti O\u00dc on asutatud 2010. aastal. Ettev\u00f5tte p\u00f5hitegevuseks on k\u00f5ikv\u00f5imalike metallkonstruktsioonide ja metalltoodete tootmine ja paigaldamine. Meie klientideks on nii Eesti kui ka v\u00e4lismaised ettev\u00f5tted ja eraisikud. Meie tooteportfell koosneb nii eritellimustest kui ka valmis montaa\u017eitoodetest. Vajadusel teostame projekteerimist\u00f6\u00f6d, koostame \u00fcld- ja t\u00f6\u00f6joonised ning 3D visualisatsiooni. Kliendi soovil t\u00f6\u00f6tleme valmistooted korrosioonivastase kaitsekattega nagu kuum [&hellip;]<\/p>\n","protected":false},"author":2,"featured_media":0,"parent":0,"menu_order":0,"comment_status":"closed","ping_status":"closed","template":"","meta":{"_et_pb_use_builder":"on","_et_pb_old_content":"","_et_gb_content_width":"","footnotes":""},"class_list":["post-62","page","type-page","status-publish","hentry"],"yoast_head":"<!-- This site is optimized with the Yoast SEO plugin v27.2 - https:\/\/yoast.com\/product\/yoast-seo-wordpress\/ -->\n<title>Metallkonstruktsioonide Tootmine ja Paigaldus | Bernal Eesti O\u00dc<\/title>\n<meta name=\"description\" content=\"Bernal Eesti O\u00dc pakub eritellimusel metallkonstruktsioone ja paigaldusteenuseid alates projekteerimisest kuni l\u00f5ppviimistluseni. Kvaliteet, t\u00e4psus ja usaldusv\u00e4\u00e4rsus alates 2010. aastast!\" \/>\n<meta name=\"robots\" content=\"noindex, follow, max-snippet:-1, max-image-preview:large, max-video-preview:-1\" \/>\n<meta property=\"og:locale\" content=\"en_US\" \/>\n<meta property=\"og:type\" content=\"article\" \/>\n<meta property=\"og:title\" content=\"Metallkonstruktsioonide Tootmine ja Paigaldus | Bernal Eesti O\u00dc\" \/>\n<meta property=\"og:description\" content=\"Bernal Eesti O\u00dc pakub eritellimusel metallkonstruktsioone ja paigaldusteenuseid alates projekteerimisest kuni l\u00f5ppviimistluseni. Kvaliteet, t\u00e4psus ja usaldusv\u00e4\u00e4rsus alates 2010. aastast!\" \/>\n<meta property=\"og:url\" content=\"https:\/\/vana.bernal.ee\/?page_id=62\" \/>\n<meta property=\"og:site_name\" content=\"BERNAL EESTI\" \/>\n<meta property=\"article:modified_time\" content=\"2025-06-11T10:23:09+00:00\" \/>\n<meta name=\"twitter:card\" content=\"summary_large_image\" \/>\n<meta name=\"twitter:label1\" content=\"Est. reading time\" \/>\n\t<meta name=\"twitter:data1\" content=\"1 minute\" \/>\n<script type=\"application\/ld+json\" class=\"yoast-schema-graph\">{\"@context\":\"https:\/\/schema.org\",\"@graph\":[{\"@type\":\"WebPage\",\"@id\":\"https:\/\/vana.bernal.ee\/?page_id=62\",\"url\":\"https:\/\/vana.bernal.ee\/?page_id=62\",\"name\":\"Metallkonstruktsioonide Tootmine ja Paigaldus | Bernal Eesti O\u00dc\",\"isPartOf\":{\"@id\":\"https:\/\/vana.bernal.ee\/#website\"},\"datePublished\":\"2021-04-14T09:41:27+00:00\",\"dateModified\":\"2025-06-11T10:23:09+00:00\",\"description\":\"Bernal Eesti O\u00dc pakub eritellimusel metallkonstruktsioone ja paigaldusteenuseid alates projekteerimisest kuni l\u00f5ppviimistluseni. Kvaliteet, t\u00e4psus ja usaldusv\u00e4\u00e4rsus alates 2010. aastast!\",\"breadcrumb\":{\"@id\":\"https:\/\/vana.bernal.ee\/?page_id=62#breadcrumb\"},\"inLanguage\":\"en\",\"potentialAction\":[{\"@type\":\"ReadAction\",\"target\":[\"https:\/\/vana.bernal.ee\/?page_id=62\"]}]},{\"@type\":\"BreadcrumbList\",\"@id\":\"https:\/\/vana.bernal.ee\/?page_id=62#breadcrumb\",\"itemListElement\":[{\"@type\":\"ListItem\",\"position\":1,\"name\":\"Home\",\"item\":\"https:\/\/vana.bernal.ee\/\"},{\"@type\":\"ListItem\",\"position\":2,\"name\":\"Firmast\"}]},{\"@type\":\"WebSite\",\"@id\":\"https:\/\/vana.bernal.ee\/#website\",\"url\":\"https:\/\/vana.bernal.ee\/\",\"name\":\"BERNAL EESTI\",\"description\":\"Metallit&ouml;&ouml;d\",\"publisher\":{\"@id\":\"https:\/\/vana.bernal.ee\/#organization\"},\"potentialAction\":[{\"@type\":\"SearchAction\",\"target\":{\"@type\":\"EntryPoint\",\"urlTemplate\":\"https:\/\/vana.bernal.ee\/?s={search_term_string}\"},\"query-input\":{\"@type\":\"PropertyValueSpecification\",\"valueRequired\":true,\"valueName\":\"search_term_string\"}}],\"inLanguage\":\"en\"},{\"@type\":\"Organization\",\"@id\":\"https:\/\/vana.bernal.ee\/#organization\",\"name\":\"BERNAL EESTI\",\"url\":\"https:\/\/vana.bernal.ee\/\",\"logo\":{\"@type\":\"ImageObject\",\"inLanguage\":\"en\",\"@id\":\"https:\/\/vana.bernal.ee\/#\/schema\/logo\/image\/\",\"url\":\"https:\/\/vana.bernal.ee\/wp-content\/uploads\/2021\/04\/Bernal_logo_02.png\",\"contentUrl\":\"https:\/\/vana.bernal.ee\/wp-content\/uploads\/2021\/04\/Bernal_logo_02.png\",\"width\":1360,\"height\":400,\"caption\":\"BERNAL EESTI\"},\"image\":{\"@id\":\"https:\/\/vana.bernal.ee\/#\/schema\/logo\/image\/\"}}]}<\/script>\n<!-- \/ Yoast SEO plugin. -->","yoast_head_json":{"title":"Metallkonstruktsioonide Tootmine ja Paigaldus | Bernal Eesti O\u00dc","description":"Bernal Eesti O\u00dc pakub eritellimusel metallkonstruktsioone ja paigaldusteenuseid alates projekteerimisest kuni l\u00f5ppviimistluseni. Kvaliteet, t\u00e4psus ja usaldusv\u00e4\u00e4rsus alates 2010. aastast!","robots":{"index":"noindex","follow":"follow","max-snippet":"max-snippet:-1","max-image-preview":"max-image-preview:large","max-video-preview":"max-video-preview:-1"},"og_locale":"en_US","og_type":"article","og_title":"Metallkonstruktsioonide Tootmine ja Paigaldus | Bernal Eesti O\u00dc","og_description":"Bernal Eesti O\u00dc pakub eritellimusel metallkonstruktsioone ja paigaldusteenuseid alates projekteerimisest kuni l\u00f5ppviimistluseni. Kvaliteet, t\u00e4psus ja usaldusv\u00e4\u00e4rsus alates 2010. aastast!","og_url":"https:\/\/vana.bernal.ee\/?page_id=62","og_site_name":"BERNAL EESTI","article_modified_time":"2025-06-11T10:23:09+00:00","twitter_card":"summary_large_image","twitter_misc":{"Est. reading time":"1 minute"},"schema":{"@context":"https:\/\/schema.org","@graph":[{"@type":"WebPage","@id":"https:\/\/vana.bernal.ee\/?page_id=62","url":"https:\/\/vana.bernal.ee\/?page_id=62","name":"Metallkonstruktsioonide Tootmine ja Paigaldus | Bernal Eesti O\u00dc","isPartOf":{"@id":"https:\/\/vana.bernal.ee\/#website"},"datePublished":"2021-04-14T09:41:27+00:00","dateModified":"2025-06-11T10:23:09+00:00","description":"Bernal Eesti O\u00dc pakub eritellimusel metallkonstruktsioone ja paigaldusteenuseid alates projekteerimisest kuni l\u00f5ppviimistluseni. Kvaliteet, t\u00e4psus ja usaldusv\u00e4\u00e4rsus alates 2010. aastast!","breadcrumb":{"@id":"https:\/\/vana.bernal.ee\/?page_id=62#breadcrumb"},"inLanguage":"en","potentialAction":[{"@type":"ReadAction","target":["https:\/\/vana.bernal.ee\/?page_id=62"]}]},{"@type":"BreadcrumbList","@id":"https:\/\/vana.bernal.ee\/?page_id=62#breadcrumb","itemListElement":[{"@type":"ListItem","position":1,"name":"Home","item":"https:\/\/vana.bernal.ee\/"},{"@type":"ListItem","position":2,"name":"Firmast"}]},{"@type":"WebSite","@id":"https:\/\/vana.bernal.ee\/#website","url":"https:\/\/vana.bernal.ee\/","name":"BERNAL EESTI","description":"Metallit&ouml;&ouml;d","publisher":{"@id":"https:\/\/vana.bernal.ee\/#organization"},"potentialAction":[{"@type":"SearchAction","target":{"@type":"EntryPoint","urlTemplate":"https:\/\/vana.bernal.ee\/?s={search_term_string}"},"query-input":{"@type":"PropertyValueSpecification","valueRequired":true,"valueName":"search_term_string"}}],"inLanguage":"en"},{"@type":"Organization","@id":"https:\/\/vana.bernal.ee\/#organization","name":"BERNAL EESTI","url":"https:\/\/vana.bernal.ee\/","logo":{"@type":"ImageObject","inLanguage":"en","@id":"https:\/\/vana.bernal.ee\/#\/schema\/logo\/image\/","url":"https:\/\/vana.bernal.ee\/wp-content\/uploads\/2021\/04\/Bernal_logo_02.png","contentUrl":"https:\/\/vana.bernal.ee\/wp-content\/uploads\/2021\/04\/Bernal_logo_02.png","width":1360,"height":400,"caption":"BERNAL EESTI"},"image":{"@id":"https:\/\/vana.bernal.ee\/#\/schema\/logo\/image\/"}}]}},"_links":{"self":[{"href":"https:\/\/vana.bernal.ee\/index.php?rest_route=\/wp\/v2\/pages\/62","targetHints":{"allow":["GET"]}}],"collection":[{"href":"https:\/\/vana.bernal.ee\/index.php?rest_route=\/wp\/v2\/pages"}],"about":[{"href":"https:\/\/vana.bernal.ee\/index.php?rest_route=\/wp\/v2\/types\/page"}],"author":[{"embeddable":true,"href":"https:\/\/vana.bernal.ee\/index.php?rest_route=\/wp\/v2\/users\/2"}],"replies":[{"embeddable":true,"href":"https:\/\/vana.bernal.ee\/index.php?rest_route=%2Fwp%2Fv2%2Fcomments&post=62"}],"version-history":[{"count":9,"href":"https:\/\/vana.bernal.ee\/index.php?rest_route=\/wp\/v2\/pages\/62\/revisions"}],"predecessor-version":[{"id":428,"href":"https:\/\/vana.bernal.ee\/index.php?rest_route=\/wp\/v2\/pages\/62\/revisions\/428"}],"wp:attachment":[{"href":"https:\/\/vana.bernal.ee\/index.php?rest_route=%2Fwp%2Fv2%2Fmedia&parent=62"}],"curies":[{"name":"wp","href":"https:\/\/api.w.org\/{rel}","templated":true}]}}