{"id":66,"date":"2021-04-14T12:42:56","date_gmt":"2021-04-14T09:42:56","guid":{"rendered":"https:\/\/vana.bernal.ee\/?page_id=66"},"modified":"2025-06-11T13:24:12","modified_gmt":"2025-06-11T10:24:12","slug":"tooted","status":"publish","type":"page","link":"https:\/\/vana.bernal.ee\/?page_id=66","title":{"rendered":"Tooted"},"content":{"rendered":"\n[et_pb_section fb_built=&#8221;1&#8243; _builder_version=&#8221;4.9.4&#8243; _module_preset=&#8221;default&#8221; custom_padding=&#8221;31px|||||&#8221;][et_pb_row column_structure=&#8221;2_5,3_5&#8243; _builder_version=&#8221;4.9.4&#8243; _module_preset=&#8221;default&#8221;][et_pb_column type=&#8221;2_5&#8243; _builder_version=&#8221;4.9.4&#8243; _module_preset=&#8221;default&#8221;][et_pb_image src=&#8221;https:\/\/vana.bernal.ee\/wp-content\/uploads\/2021\/05\/0051-1024&#215;768.jpg&#8221; _builder_version=&#8221;4.9.4&#8243; _module_preset=&#8221;default&#8221; title_text=&#8221;0051&#8243; hover_enabled=&#8221;0&#8243; sticky_enabled=&#8221;0&#8243;][\/et_pb_image][\/et_pb_column][et_pb_column type=&#8221;3_5&#8243; _builder_version=&#8221;4.9.4&#8243; _module_preset=&#8221;default&#8221;][et_pb_text _builder_version=&#8221;4.9.4&#8243; _module_preset=&#8221;default&#8221;]<p>Meie ettev\u00f5tte peamised tooted on:<\/p>\n<ul>\n<li>V\u00e4ravad (liugv\u00e4ravad, tiibv\u00e4ravad, jalgv\u00e4ravad) ja aiad<\/li>\n<li>Piirded ja tarad<\/li>\n<li>Erinevad metallkonstruktsioonid t\u00f6\u00f6stusettev\u00f5tetele &#8211; montaa\u017eilauad, transpordik\u00e4rud, teisaldatavad ja statsionaarsed riiulid<\/li>\n<li>Erinevad ehituskonstruktsioonid &#8211; talad, sambad, s\u00f5restikud, varikatuste raamid, varikatused, trepid<\/li>\n<li>Mitmesugused t\u00f6\u00f6stuslikus ja kodumajapidamises kasutatavad m\u00f6\u00f6bli- karkassid, reklaamtahvlid ja b\u00e4nnerid.<\/li>\n<\/ul>\n<p>Oleme Itaalia auto- ja garaa\u017eiuste automaatika tootja King Gatesi turustaja Eestis. Oleme King Gates-i automaatikat edukalt m\u00fc\u00fcnud, paigaldanud ja hooldanud juba 11 aastat.<\/p>\n<p>&nbsp;<\/p>[\/et_pb_text][\/et_pb_column][\/et_pb_row][\/et_pb_section]\n","protected":false},"excerpt":{"rendered":"<p>Meie ettev\u00f5tte peamised tooted on: V\u00e4ravad (liugv\u00e4ravad, tiibv\u00e4ravad, jalgv\u00e4ravad) ja aiad Piirded ja tarad Erinevad metallkonstruktsioonid t\u00f6\u00f6stusettev\u00f5tetele &#8211; montaa\u017eilauad, transpordik\u00e4rud, teisaldatavad ja statsionaarsed riiulid Erinevad ehituskonstruktsioonid &#8211; talad, sambad, s\u00f5restikud, varikatuste raamid, varikatused, trepid Mitmesugused t\u00f6\u00f6stuslikus ja kodumajapidamises kasutatavad m\u00f6\u00f6bli- karkassid, reklaamtahvlid ja b\u00e4nnerid. Oleme Itaalia auto- ja garaa\u017eiuste automaatika tootja King Gatesi turustaja Eestis. [&hellip;]<\/p>\n","protected":false},"author":2,"featured_media":0,"parent":0,"menu_order":0,"comment_status":"closed","ping_status":"closed","template":"","meta":{"_et_pb_use_builder":"on","_et_pb_old_content":"","_et_gb_content_width":"","footnotes":""},"class_list":["post-66","page","type-page","status-publish","hentry"],"yoast_head":"<!-- This site is optimized with the Yoast SEO plugin v27.2 - https:\/\/yoast.com\/product\/yoast-seo-wordpress\/ -->\n<title>Metalltooted, V\u00e4ravad ja Automaatika | Bernal Eesti O\u00dc<\/title>\n<meta name=\"description\" content=\"Bernal Eesti O\u00dc toodab ja paigaldab liugv\u00e4ravaid, piirdeid, metallkonstruktsioone ja treppe. Oleme King Gates automaatika ametlik edasim\u00fc\u00fcja ja paigaldaja Eestis \u2013 kvaliteet alates 2010. aastast.\" \/>\n<meta name=\"robots\" content=\"noindex, follow, max-snippet:-1, max-image-preview:large, max-video-preview:-1\" \/>\n<meta property=\"og:locale\" content=\"en_US\" \/>\n<meta property=\"og:type\" content=\"article\" \/>\n<meta property=\"og:title\" content=\"Metalltooted, V\u00e4ravad ja Automaatika | Bernal Eesti O\u00dc\" \/>\n<meta property=\"og:description\" content=\"Bernal Eesti O\u00dc toodab ja paigaldab liugv\u00e4ravaid, piirdeid, metallkonstruktsioone ja treppe. Oleme King Gates automaatika ametlik edasim\u00fc\u00fcja ja paigaldaja Eestis \u2013 kvaliteet alates 2010. aastast.\" \/>\n<meta property=\"og:url\" content=\"https:\/\/vana.bernal.ee\/?page_id=66\" \/>\n<meta property=\"og:site_name\" content=\"BERNAL EESTI\" \/>\n<meta property=\"article:modified_time\" content=\"2025-06-11T10:24:12+00:00\" \/>\n<meta name=\"twitter:card\" content=\"summary_large_image\" \/>\n<meta name=\"twitter:label1\" content=\"Est. reading time\" \/>\n\t<meta name=\"twitter:data1\" content=\"1 minute\" \/>\n<script type=\"application\/ld+json\" class=\"yoast-schema-graph\">{\"@context\":\"https:\/\/schema.org\",\"@graph\":[{\"@type\":\"WebPage\",\"@id\":\"https:\/\/vana.bernal.ee\/?page_id=66\",\"url\":\"https:\/\/vana.bernal.ee\/?page_id=66\",\"name\":\"Metalltooted, V\u00e4ravad ja Automaatika | Bernal Eesti O\u00dc\",\"isPartOf\":{\"@id\":\"https:\/\/vana.bernal.ee\/#website\"},\"datePublished\":\"2021-04-14T09:42:56+00:00\",\"dateModified\":\"2025-06-11T10:24:12+00:00\",\"description\":\"Bernal Eesti O\u00dc toodab ja paigaldab liugv\u00e4ravaid, piirdeid, metallkonstruktsioone ja treppe. Oleme King Gates automaatika ametlik edasim\u00fc\u00fcja ja paigaldaja Eestis \u2013 kvaliteet alates 2010. aastast.\",\"breadcrumb\":{\"@id\":\"https:\/\/vana.bernal.ee\/?page_id=66#breadcrumb\"},\"inLanguage\":\"en\",\"potentialAction\":[{\"@type\":\"ReadAction\",\"target\":[\"https:\/\/vana.bernal.ee\/?page_id=66\"]}]},{\"@type\":\"BreadcrumbList\",\"@id\":\"https:\/\/vana.bernal.ee\/?page_id=66#breadcrumb\",\"itemListElement\":[{\"@type\":\"ListItem\",\"position\":1,\"name\":\"Home\",\"item\":\"https:\/\/vana.bernal.ee\/\"},{\"@type\":\"ListItem\",\"position\":2,\"name\":\"Tooted\"}]},{\"@type\":\"WebSite\",\"@id\":\"https:\/\/vana.bernal.ee\/#website\",\"url\":\"https:\/\/vana.bernal.ee\/\",\"name\":\"BERNAL EESTI\",\"description\":\"Metallit&ouml;&ouml;d\",\"publisher\":{\"@id\":\"https:\/\/vana.bernal.ee\/#organization\"},\"potentialAction\":[{\"@type\":\"SearchAction\",\"target\":{\"@type\":\"EntryPoint\",\"urlTemplate\":\"https:\/\/vana.bernal.ee\/?s={search_term_string}\"},\"query-input\":{\"@type\":\"PropertyValueSpecification\",\"valueRequired\":true,\"valueName\":\"search_term_string\"}}],\"inLanguage\":\"en\"},{\"@type\":\"Organization\",\"@id\":\"https:\/\/vana.bernal.ee\/#organization\",\"name\":\"BERNAL EESTI\",\"url\":\"https:\/\/vana.bernal.ee\/\",\"logo\":{\"@type\":\"ImageObject\",\"inLanguage\":\"en\",\"@id\":\"https:\/\/vana.bernal.ee\/#\/schema\/logo\/image\/\",\"url\":\"https:\/\/vana.bernal.ee\/wp-content\/uploads\/2021\/04\/Bernal_logo_02.png\",\"contentUrl\":\"https:\/\/vana.bernal.ee\/wp-content\/uploads\/2021\/04\/Bernal_logo_02.png\",\"width\":1360,\"height\":400,\"caption\":\"BERNAL EESTI\"},\"image\":{\"@id\":\"https:\/\/vana.bernal.ee\/#\/schema\/logo\/image\/\"}}]}<\/script>\n<!-- \/ Yoast SEO plugin. -->","yoast_head_json":{"title":"Metalltooted, V\u00e4ravad ja Automaatika | Bernal Eesti O\u00dc","description":"Bernal Eesti O\u00dc toodab ja paigaldab liugv\u00e4ravaid, piirdeid, metallkonstruktsioone ja treppe. Oleme King Gates automaatika ametlik edasim\u00fc\u00fcja ja paigaldaja Eestis \u2013 kvaliteet alates 2010. aastast.","robots":{"index":"noindex","follow":"follow","max-snippet":"max-snippet:-1","max-image-preview":"max-image-preview:large","max-video-preview":"max-video-preview:-1"},"og_locale":"en_US","og_type":"article","og_title":"Metalltooted, V\u00e4ravad ja Automaatika | Bernal Eesti O\u00dc","og_description":"Bernal Eesti O\u00dc toodab ja paigaldab liugv\u00e4ravaid, piirdeid, metallkonstruktsioone ja treppe. Oleme King Gates automaatika ametlik edasim\u00fc\u00fcja ja paigaldaja Eestis \u2013 kvaliteet alates 2010. aastast.","og_url":"https:\/\/vana.bernal.ee\/?page_id=66","og_site_name":"BERNAL EESTI","article_modified_time":"2025-06-11T10:24:12+00:00","twitter_card":"summary_large_image","twitter_misc":{"Est. reading time":"1 minute"},"schema":{"@context":"https:\/\/schema.org","@graph":[{"@type":"WebPage","@id":"https:\/\/vana.bernal.ee\/?page_id=66","url":"https:\/\/vana.bernal.ee\/?page_id=66","name":"Metalltooted, V\u00e4ravad ja Automaatika | Bernal Eesti O\u00dc","isPartOf":{"@id":"https:\/\/vana.bernal.ee\/#website"},"datePublished":"2021-04-14T09:42:56+00:00","dateModified":"2025-06-11T10:24:12+00:00","description":"Bernal Eesti O\u00dc toodab ja paigaldab liugv\u00e4ravaid, piirdeid, metallkonstruktsioone ja treppe. Oleme King Gates automaatika ametlik edasim\u00fc\u00fcja ja paigaldaja Eestis \u2013 kvaliteet alates 2010. aastast.","breadcrumb":{"@id":"https:\/\/vana.bernal.ee\/?page_id=66#breadcrumb"},"inLanguage":"en","potentialAction":[{"@type":"ReadAction","target":["https:\/\/vana.bernal.ee\/?page_id=66"]}]},{"@type":"BreadcrumbList","@id":"https:\/\/vana.bernal.ee\/?page_id=66#breadcrumb","itemListElement":[{"@type":"ListItem","position":1,"name":"Home","item":"https:\/\/vana.bernal.ee\/"},{"@type":"ListItem","position":2,"name":"Tooted"}]},{"@type":"WebSite","@id":"https:\/\/vana.bernal.ee\/#website","url":"https:\/\/vana.bernal.ee\/","name":"BERNAL EESTI","description":"Metallit&ouml;&ouml;d","publisher":{"@id":"https:\/\/vana.bernal.ee\/#organization"},"potentialAction":[{"@type":"SearchAction","target":{"@type":"EntryPoint","urlTemplate":"https:\/\/vana.bernal.ee\/?s={search_term_string}"},"query-input":{"@type":"PropertyValueSpecification","valueRequired":true,"valueName":"search_term_string"}}],"inLanguage":"en"},{"@type":"Organization","@id":"https:\/\/vana.bernal.ee\/#organization","name":"BERNAL EESTI","url":"https:\/\/vana.bernal.ee\/","logo":{"@type":"ImageObject","inLanguage":"en","@id":"https:\/\/vana.bernal.ee\/#\/schema\/logo\/image\/","url":"https:\/\/vana.bernal.ee\/wp-content\/uploads\/2021\/04\/Bernal_logo_02.png","contentUrl":"https:\/\/vana.bernal.ee\/wp-content\/uploads\/2021\/04\/Bernal_logo_02.png","width":1360,"height":400,"caption":"BERNAL EESTI"},"image":{"@id":"https:\/\/vana.bernal.ee\/#\/schema\/logo\/image\/"}}]}},"_links":{"self":[{"href":"https:\/\/vana.bernal.ee\/index.php?rest_route=\/wp\/v2\/pages\/66","targetHints":{"allow":["GET"]}}],"collection":[{"href":"https:\/\/vana.bernal.ee\/index.php?rest_route=\/wp\/v2\/pages"}],"about":[{"href":"https:\/\/vana.bernal.ee\/index.php?rest_route=\/wp\/v2\/types\/page"}],"author":[{"embeddable":true,"href":"https:\/\/vana.bernal.ee\/index.php?rest_route=\/wp\/v2\/users\/2"}],"replies":[{"embeddable":true,"href":"https:\/\/vana.bernal.ee\/index.php?rest_route=%2Fwp%2Fv2%2Fcomments&post=66"}],"version-history":[{"count":6,"href":"https:\/\/vana.bernal.ee\/index.php?rest_route=\/wp\/v2\/pages\/66\/revisions"}],"predecessor-version":[{"id":429,"href":"https:\/\/vana.bernal.ee\/index.php?rest_route=\/wp\/v2\/pages\/66\/revisions\/429"}],"wp:attachment":[{"href":"https:\/\/vana.bernal.ee\/index.php?rest_route=%2Fwp%2Fv2%2Fmedia&parent=66"}],"curies":[{"name":"wp","href":"https:\/\/api.w.org\/{rel}","templated":true}]}}